{"id":45,"date":"2024-09-11T09:49:57","date_gmt":"2024-09-11T09:49:57","guid":{"rendered":"https:\/\/ferienhaus-tim-paul.de\/?page_id=45"},"modified":"2024-09-11T09:56:58","modified_gmt":"2024-09-11T09:56:58","slug":"start","status":"publish","type":"page","link":"https:\/\/ferienhaus-tim-paul.de\/","title":{"rendered":"Genie\u00dfen Sie erholsame Tage in Burhave!"},"content":{"rendered":"\n<p>Im komfortablen Ferienhaus Tim Paul k\u00f6nnen Sie mit bis zu&nbsp;<strong>4 Erwachsene<\/strong>&nbsp;und einem Kleinkind (&lt; 3 Jahre) eine entspannte Auszeit nehmen.<\/p>\n\n\n\n<p>Die Nordsee-Halbinsel Butjadingen bietet vielf\u00e4ltige M\u00f6glichkeiten f\u00fcr einen angenehmen Urlaub. Ihr vollausgestattetes Feriendomizil macht Ihnen das Entspannen leicht. Bei sch\u00f6nem Wetter l\u00e4dt die Terrasse mit Tisch, Liegestuhl und Strandkorb ein. Doch auch im Haus bleiben keine W\u00fcnsche offen \u2013 Gesellschaftsspiele, DVD-Player und kostenloses WLAN sind vorhanden. F\u00fcr Ausfl\u00fcge steht ein Bollerwagen bereit und im Ger\u00e4teschuppen verstauen Sie Kinderwagen,  uvm.<\/p>\n\n\n\n<p><strong>F\u00fchlen Sie sich wohl!<\/strong><\/p>\n\n\n\n<p>Das Ferienhaus Tim Paul verf\u00fcgt \u00fcber zwei Schlafzimmer unterm Dach, die \u00fcber eine Treppe vom Wohnraum zu erreichen sind. Das eine Zimmer ist mit einem Doppelbett ausgestattet, im Kinderzimmer steht ein Funktionsbett, d. h. bei Bedarf wird die zweite Schlafst\u00e4tte aus dem Bettkasten hervorgezogen.<\/p>\n\n\n\n<p>Das Erdgeschoss bietet einen gro\u00dfen Wohn-Essbereich mit offener K\u00fcche. Diese ist vollst\u00e4ndig ausgestattet mit <em>Backofen, Sp\u00fclmaschine, Toaster, Kaffeemaschine und Wasserkocher<\/em>.\u00a0 Im Badezimmer steht ein Waschtrockner f\u00fcr Sie zur Verf\u00fcgung.<\/p>\n\n\n\n<p>Auf der gro\u00dfen Terrasse k\u00f6nnen Sie das Wetter am Tisch, auf dem Liegestuhl oder im Strandkorb genie\u00dfen. Der Rasen rund ums Haus l\u00e4dt Kinder zum Spielen ein. Im Ger\u00e4teschuppen befindet sich ein Bollerwagen, den Sie gerne f\u00fcr Ausfl\u00fcge oder Eink\u00e4ufe nutzen k\u00f6nnen. Ein PKW-Stellplatz direkt am Haus erleichtert Ihnen die An- und Abreise.<\/p>\n\n\n\n<p><strong>Innen<\/strong><\/p>\n\n\n\n<ul class=\"wp-block-list\">\n<li>1 Doppelzimmer<\/li>\n\n\n\n<li>1 Kinderzimmer mit ausziehbaren Bett<\/li>\n\n\n\n<li>1 zus\u00e4tzliches Kinderbett <\/li>\n\n\n\n<li>Jalousien in beiden Schlafr\u00e4umen<\/li>\n\n\n\n<li>Hochwertige NOLTE-K\u00fcche<\/li>\n\n\n\n<li>mit <em>Backofen, Sp\u00fclmaschine, Toaster, Kaffeemaschine und Wasserkocher<\/em><\/li>\n\n\n\n<li>Kinderhochstuhl<\/li>\n\n\n\n<li>48\u2033 LED-TV<\/li>\n\n\n\n<li>DVD-Player<\/li>\n\n\n\n<li>kostenloses WLAN<\/li>\n\n\n\n<li>Gesellschaftsspiele<\/li>\n\n\n\n<li>Waschtrockner<\/li>\n\n\n\n<li>Handtuchw\u00e4rmer<\/li>\n\n\n\n<li><em>F\u00f6n<\/em><\/li>\n\n\n\n<li>Fu\u00dfbodenheizung im EG und DG<\/li>\n\n\n\n<li>Rauchmelder in Schlafr\u00e4umen, Wohn-\/Esszimmer, Treppenhaus und Windfang<\/li>\n<\/ul>\n\n\n\n<p><strong>Aussen<\/strong><\/p>\n\n\n\n<ul class=\"wp-block-list\">\n<li>PKW-Stellplatz<\/li>\n\n\n\n<li>Gro\u00dfe Terrasse<\/li>\n\n\n\n<li>Gartentisch mit 4 St\u00fchlen<\/li>\n\n\n\n<li>Liegestuhl<\/li>\n\n\n\n<li>Strandkorb<\/li>\n\n\n\n<li>Bollerwagen<\/li>\n\n\n\n<li>Ger\u00e4teschuppen f\u00fcr Bollerwagen, Kinderwagen, etc.<\/li>\n<\/ul>\n","protected":false},"excerpt":{"rendered":"<p>Im komfortablen Ferienhaus Tim Paul k\u00f6nnen Sie mit bis zu&nbsp;4 Erwachsene&nbsp;und einem Kleinkind (&lt; 3 Jahre) eine entspannte Auszeit nehmen. Die Nordsee-Halbinsel Butjadingen bietet vielf\u00e4ltige M\u00f6glichkeiten f\u00fcr einen angenehmen Urlaub. Ihr vollausgestattetes Feriendomizil macht Ihnen das Entspannen leicht. Bei sch\u00f6nem Wetter l\u00e4dt die Terrasse mit Tisch, Liegestuhl und Strandkorb ein. Doch auch im Haus bleiben &hellip; <\/p>\n<p class=\"link-more\"><a href=\"https:\/\/ferienhaus-tim-paul.de\/\" class=\"more-link\"><span class=\"screen-reader-text\">\u201eGenie\u00dfen Sie erholsame Tage in Burhave!\u201c<\/span> weiterlesen<\/a><\/p>\n","protected":false},"author":1,"featured_media":0,"parent":0,"menu_order":0,"comment_status":"closed","ping_status":"closed","template":"","meta":{"pgc_sgb_lightbox_settings":"","footnotes":""},"class_list":["post-45","page","type-page","status-publish","hentry"],"_links":{"self":[{"href":"https:\/\/ferienhaus-tim-paul.de\/index.php?rest_route=\/wp\/v2\/pages\/45","targetHints":{"allow":["GET"]}}],"collection":[{"href":"https:\/\/ferienhaus-tim-paul.de\/index.php?rest_route=\/wp\/v2\/pages"}],"about":[{"href":"https:\/\/ferienhaus-tim-paul.de\/index.php?rest_route=\/wp\/v2\/types\/page"}],"author":[{"embeddable":true,"href":"https:\/\/ferienhaus-tim-paul.de\/index.php?rest_route=\/wp\/v2\/users\/1"}],"replies":[{"embeddable":true,"href":"https:\/\/ferienhaus-tim-paul.de\/index.php?rest_route=%2Fwp%2Fv2%2Fcomments&post=45"}],"version-history":[{"count":5,"href":"https:\/\/ferienhaus-tim-paul.de\/index.php?rest_route=\/wp\/v2\/pages\/45\/revisions"}],"predecessor-version":[{"id":172,"href":"https:\/\/ferienhaus-tim-paul.de\/index.php?rest_route=\/wp\/v2\/pages\/45\/revisions\/172"}],"wp:attachment":[{"href":"https:\/\/ferienhaus-tim-paul.de\/index.php?rest_route=%2Fwp%2Fv2%2Fmedia&parent=45"}],"curies":[{"name":"wp","href":"https:\/\/api.w.org\/{rel}","templated":true}]}}