{"id":95,"date":"2024-09-11T15:36:02","date_gmt":"2024-09-11T15:36:02","guid":{"rendered":"https:\/\/ferienhaus-tim-paul.de\/?page_id=95"},"modified":"2025-10-21T10:06:24","modified_gmt":"2025-10-21T10:06:24","slug":"preise-2025","status":"publish","type":"page","link":"https:\/\/ferienhaus-tim-paul.de\/?page_id=95","title":{"rendered":"Preise und Verf\u00fcgbarkeit"},"content":{"rendered":"\n<div class=\"wp-block-group has-vivid-cyan-blue-color has-text-color has-link-color wp-elements-b2b495cf147c076b0cdad5543e2772a4 is-nowrap is-layout-flex wp-container-core-group-is-layout-ad2f72ca wp-block-group-is-layout-flex\"><div class=\"wpbs-main-wrapper wpbs-main-wrapper-calendar-1 wpbs-main-wrapper-form-0\"><div class=\"wpbs-container wpbs-enable-hover wpbs-calendar-1\" data-id=\"1\" data-show_title=\"0\" data-show_legend=\"1\" data-current_year=\"2026\" data-current_month=\"5\" data-language=\"de\" data-min_width=\"200\" data-max_width=\"380\" data-start_date=\"0\" data-end_date=\"0\" ><div class=\"wpbs-calendars-wrapper wpbs-legend-position-side\"><div class=\"wpbs-legend\"><div class=\"wpbs-legend-item\"><div class=\"wpbs-legend-item-icon wpbs-legend-item-icon-1\" data-type=\"single\"><div class=\"wpbs-legend-item-icon-color\" ><\/div><div class=\"wpbs-legend-item-icon-color\" ><\/div><\/div><span class=wpbs-legend-item-name>Verf\u00fcgbar<\/span><\/div><div class=\"wpbs-legend-item\"><div class=\"wpbs-legend-item-icon wpbs-legend-item-icon-2\" data-type=\"single\"><div class=\"wpbs-legend-item-icon-color\" ><\/div><div class=\"wpbs-legend-item-icon-color\" ><\/div><\/div><span class=wpbs-legend-item-name>Gebucht<\/span><\/div><\/div><div class=\"wpbs-calendars\"><div class=\"wpbs-calendar\"><div class=\"wpbs-calendar-header wpbs-heading\"><div class=\"wpbs-calendar-header-navigation\"><a href=\"#\" class=\"wpbs-prev\"><span class=\"wpbs-arrow\"><\/span><\/a><div class=\"wpbs-select-container\"><select><option value=\"1771113600\" >Februar 2026<\/option><option value=\"1773532800\" >M\u00e4rz 2026<\/option><option value=\"1776211200\" >April 2026<\/option><option value=\"1778803200\"  selected='selected'>Mai 2026<\/option><option value=\"1781481600\" >Juni 2026<\/option><option value=\"1784073600\" >Juli 2026<\/option><option value=\"1786752000\" >August 2026<\/option><option value=\"1789430400\" >September 2026<\/option><option value=\"1792022400\" >Oktober 2026<\/option><option value=\"1794700800\" >November 2026<\/option><option value=\"1797292800\" >Dezember 2026<\/option><option value=\"1799971200\" >Januar 2027<\/option><option value=\"1802649600\" >Februar 2027<\/option><option value=\"1805068800\" >M\u00e4rz 2027<\/option><option value=\"1807747200\" >April 2027<\/option><option value=\"1810339200\" >Mai 2027<\/option><\/select><\/div><a href=\"#\" class=\"wpbs-next\"><span class=\"wpbs-arrow\"><\/span><\/a><\/div><\/div><div class=\"wpbs-calendar-wrapper\"><table><thead><tr><th>M<\/th><th>D<\/th><th>M<\/th><th>D<\/th><th>F<\/th><th>S<\/th><th>S<\/th><\/tr><\/thead><tbody><tr><td><div class=\"wpbs-date   wpbs-gap  \"  data-price=\"\"><div class=\"wpbs-date-inner\"><\/div><\/div><\/td><td><div class=\"wpbs-date   wpbs-gap  \"  data-price=\"\"><div class=\"wpbs-date-inner\"><\/div><\/div><\/td><td><div class=\"wpbs-date   wpbs-gap  \"  data-price=\"\"><div class=\"wpbs-date-inner\"><\/div><\/div><\/td><td><div class=\"wpbs-date   wpbs-gap  \"  data-price=\"\"><div class=\"wpbs-date-inner\"><\/div><\/div><\/td><td><div class=\"wpbs-date wpbs-legend-item-1    \" data-year=\"2026\" data-month=\"5\" data-day=\"1\" data-price=\"\"><div class=\"wpbs-legend-item-icon wpbs-legend-item-icon-1\" data-type=\"single\"><div class=\"wpbs-legend-item-icon-color\" ><\/div><div class=\"wpbs-legend-item-icon-color\" ><\/div><\/div><div class=\"wpbs-date-inner\"><span class=\"wpbs-date-number\">1<\/span><\/div><\/div><\/td><td><div class=\"wpbs-date wpbs-legend-item-1    \" data-year=\"2026\" data-month=\"5\" data-day=\"2\" data-price=\"\"><div class=\"wpbs-legend-item-icon wpbs-legend-item-icon-1\" data-type=\"single\"><div class=\"wpbs-legend-item-icon-color\" ><\/div><div class=\"wpbs-legend-item-icon-color\" ><\/div><\/div><div class=\"wpbs-date-inner\"><span class=\"wpbs-date-number\">2<\/span><\/div><\/div><\/td><td><div class=\"wpbs-date wpbs-legend-item-1 wpbs-date-today  wpbs-is-bookable \" data-year=\"2026\" data-month=\"5\" data-day=\"3\" data-price=\"\"><div class=\"wpbs-legend-item-icon wpbs-legend-item-icon-1\" data-type=\"single\"><div class=\"wpbs-legend-item-icon-color\" ><\/div><div class=\"wpbs-legend-item-icon-color\" ><\/div><\/div><div class=\"wpbs-date-inner\"><span class=\"wpbs-date-number\">3<\/span><\/div><\/div><\/td><\/tr><tr><td><div class=\"wpbs-date wpbs-legend-item-1   wpbs-is-bookable \" data-year=\"2026\" data-month=\"5\" data-day=\"4\" data-price=\"\"><div class=\"wpbs-legend-item-icon wpbs-legend-item-icon-1\" data-type=\"single\"><div class=\"wpbs-legend-item-icon-color\" ><\/div><div class=\"wpbs-legend-item-icon-color\" ><\/div><\/div><div class=\"wpbs-date-inner\"><span class=\"wpbs-date-number\">4<\/span><\/div><\/div><\/td><td><div class=\"wpbs-date wpbs-legend-item-1   wpbs-is-bookable \" data-year=\"2026\" data-month=\"5\" data-day=\"5\" data-price=\"\"><div class=\"wpbs-legend-item-icon wpbs-legend-item-icon-1\" data-type=\"single\"><div class=\"wpbs-legend-item-icon-color\" ><\/div><div class=\"wpbs-legend-item-icon-color\" ><\/div><\/div><div class=\"wpbs-date-inner\"><span class=\"wpbs-date-number\">5<\/span><\/div><\/div><\/td><td><div class=\"wpbs-date wpbs-legend-item-1   wpbs-is-bookable \" data-year=\"2026\" data-month=\"5\" data-day=\"6\" data-price=\"\"><div class=\"wpbs-legend-item-icon wpbs-legend-item-icon-1\" data-type=\"single\"><div class=\"wpbs-legend-item-icon-color\" ><\/div><div class=\"wpbs-legend-item-icon-color\" ><\/div><\/div><div class=\"wpbs-date-inner\"><span class=\"wpbs-date-number\">6<\/span><\/div><\/div><\/td><td><div class=\"wpbs-date wpbs-legend-item-1   wpbs-is-bookable \" data-year=\"2026\" data-month=\"5\" data-day=\"7\" data-price=\"\"><div class=\"wpbs-legend-item-icon wpbs-legend-item-icon-1\" data-type=\"single\"><div class=\"wpbs-legend-item-icon-color\" ><\/div><div class=\"wpbs-legend-item-icon-color\" ><\/div><\/div><div class=\"wpbs-date-inner\"><span class=\"wpbs-date-number\">7<\/span><\/div><\/div><\/td><td><div class=\"wpbs-date wpbs-legend-item-1   wpbs-is-bookable \" data-year=\"2026\" data-month=\"5\" data-day=\"8\" data-price=\"\"><div class=\"wpbs-legend-item-icon wpbs-legend-item-icon-1\" data-type=\"single\"><div class=\"wpbs-legend-item-icon-color\" ><\/div><div class=\"wpbs-legend-item-icon-color\" ><\/div><\/div><div class=\"wpbs-date-inner\"><span class=\"wpbs-date-number\">8<\/span><\/div><\/div><\/td><td><div class=\"wpbs-date wpbs-legend-item-1   wpbs-is-bookable \" data-year=\"2026\" data-month=\"5\" data-day=\"9\" data-price=\"\"><div class=\"wpbs-legend-item-icon wpbs-legend-item-icon-1\" data-type=\"single\"><div class=\"wpbs-legend-item-icon-color\" ><\/div><div class=\"wpbs-legend-item-icon-color\" ><\/div><\/div><div class=\"wpbs-date-inner\"><span class=\"wpbs-date-number\">9<\/span><\/div><\/div><\/td><td><div class=\"wpbs-date wpbs-legend-item-1   wpbs-is-bookable \" data-year=\"2026\" data-month=\"5\" data-day=\"10\" data-price=\"\"><div class=\"wpbs-legend-item-icon wpbs-legend-item-icon-1\" data-type=\"single\"><div class=\"wpbs-legend-item-icon-color\" ><\/div><div class=\"wpbs-legend-item-icon-color\" ><\/div><\/div><div class=\"wpbs-date-inner\"><span class=\"wpbs-date-number\">10<\/span><\/div><\/div><\/td><\/tr><tr><td><div class=\"wpbs-date wpbs-legend-item-1   wpbs-is-bookable \" data-year=\"2026\" data-month=\"5\" data-day=\"11\" data-price=\"\"><div class=\"wpbs-legend-item-icon wpbs-legend-item-icon-1\" data-type=\"single\"><div class=\"wpbs-legend-item-icon-color\" ><\/div><div class=\"wpbs-legend-item-icon-color\" ><\/div><\/div><div class=\"wpbs-date-inner\"><span class=\"wpbs-date-number\">11<\/span><\/div><\/div><\/td><td><div class=\"wpbs-date wpbs-legend-item-1   wpbs-is-bookable \" data-year=\"2026\" data-month=\"5\" data-day=\"12\" data-price=\"\"><div class=\"wpbs-legend-item-icon wpbs-legend-item-icon-1\" data-type=\"single\"><div class=\"wpbs-legend-item-icon-color\" ><\/div><div class=\"wpbs-legend-item-icon-color\" ><\/div><\/div><div class=\"wpbs-date-inner\"><span class=\"wpbs-date-number\">12<\/span><\/div><\/div><\/td><td><div class=\"wpbs-date wpbs-legend-item-1   wpbs-is-bookable \" data-year=\"2026\" data-month=\"5\" data-day=\"13\" data-price=\"\"><div class=\"wpbs-legend-item-icon wpbs-legend-item-icon-1\" data-type=\"single\"><div class=\"wpbs-legend-item-icon-color\" ><\/div><div class=\"wpbs-legend-item-icon-color\" ><\/div><\/div><div class=\"wpbs-date-inner\"><span class=\"wpbs-date-number\">13<\/span><\/div><\/div><\/td><td><div class=\"wpbs-date wpbs-legend-item-1   wpbs-is-bookable \" data-year=\"2026\" data-month=\"5\" data-day=\"14\" data-price=\"\"><div class=\"wpbs-legend-item-icon wpbs-legend-item-icon-1\" data-type=\"single\"><div class=\"wpbs-legend-item-icon-color\" ><\/div><div class=\"wpbs-legend-item-icon-color\" ><\/div><\/div><div class=\"wpbs-date-inner\"><span class=\"wpbs-date-number\">14<\/span><\/div><\/div><\/td><td><div class=\"wpbs-date wpbs-legend-item-1   wpbs-is-bookable \" data-year=\"2026\" data-month=\"5\" data-day=\"15\" data-price=\"\"><div class=\"wpbs-legend-item-icon wpbs-legend-item-icon-1\" data-type=\"single\"><div class=\"wpbs-legend-item-icon-color\" ><\/div><div class=\"wpbs-legend-item-icon-color\" ><\/div><\/div><div class=\"wpbs-date-inner\"><span class=\"wpbs-date-number\">15<\/span><\/div><\/div><\/td><td><div class=\"wpbs-date wpbs-legend-item-2    \" data-year=\"2026\" data-month=\"5\" data-day=\"16\" data-price=\"\"><div class=\"wpbs-legend-item-icon wpbs-legend-item-icon-2\" data-type=\"single\"><div class=\"wpbs-legend-item-icon-color\" ><\/div><div class=\"wpbs-legend-item-icon-color\" ><\/div><\/div><div class=\"wpbs-date-inner\"><span class=\"wpbs-date-number\">16<\/span><\/div><\/div><\/td><td><div class=\"wpbs-date wpbs-legend-item-2    \" data-year=\"2026\" data-month=\"5\" data-day=\"17\" data-price=\"\"><div class=\"wpbs-legend-item-icon wpbs-legend-item-icon-2\" data-type=\"single\"><div class=\"wpbs-legend-item-icon-color\" ><\/div><div class=\"wpbs-legend-item-icon-color\" ><\/div><\/div><div class=\"wpbs-date-inner\"><span class=\"wpbs-date-number\">17<\/span><\/div><\/div><\/td><\/tr><tr><td><div class=\"wpbs-date wpbs-legend-item-2    \" data-year=\"2026\" data-month=\"5\" data-day=\"18\" data-price=\"\"><div class=\"wpbs-legend-item-icon wpbs-legend-item-icon-2\" data-type=\"single\"><div class=\"wpbs-legend-item-icon-color\" ><\/div><div class=\"wpbs-legend-item-icon-color\" ><\/div><\/div><div class=\"wpbs-date-inner\"><span class=\"wpbs-date-number\">18<\/span><\/div><\/div><\/td><td><div class=\"wpbs-date wpbs-legend-item-2    \" data-year=\"2026\" data-month=\"5\" data-day=\"19\" data-price=\"\"><div class=\"wpbs-legend-item-icon wpbs-legend-item-icon-2\" data-type=\"single\"><div class=\"wpbs-legend-item-icon-color\" ><\/div><div class=\"wpbs-legend-item-icon-color\" ><\/div><\/div><div class=\"wpbs-date-inner\"><span class=\"wpbs-date-number\">19<\/span><\/div><\/div><\/td><td><div class=\"wpbs-date wpbs-legend-item-2    \" data-year=\"2026\" data-month=\"5\" data-day=\"20\" data-price=\"\"><div class=\"wpbs-legend-item-icon wpbs-legend-item-icon-2\" data-type=\"single\"><div class=\"wpbs-legend-item-icon-color\" ><\/div><div class=\"wpbs-legend-item-icon-color\" ><\/div><\/div><div class=\"wpbs-date-inner\"><span class=\"wpbs-date-number\">20<\/span><\/div><\/div><\/td><td><div class=\"wpbs-date wpbs-legend-item-2    \" data-year=\"2026\" data-month=\"5\" data-day=\"21\" data-price=\"\"><div class=\"wpbs-legend-item-icon wpbs-legend-item-icon-2\" data-type=\"single\"><div class=\"wpbs-legend-item-icon-color\" ><\/div><div class=\"wpbs-legend-item-icon-color\" ><\/div><\/div><div class=\"wpbs-date-inner\"><span class=\"wpbs-date-number\">21<\/span><\/div><\/div><\/td><td><div class=\"wpbs-date wpbs-legend-item-1   wpbs-is-bookable \" data-year=\"2026\" data-month=\"5\" data-day=\"22\" data-price=\"\"><div class=\"wpbs-legend-item-icon wpbs-legend-item-icon-1\" data-type=\"single\"><div class=\"wpbs-legend-item-icon-color\" ><\/div><div class=\"wpbs-legend-item-icon-color\" ><\/div><\/div><div class=\"wpbs-date-inner\"><span class=\"wpbs-date-number\">22<\/span><\/div><\/div><\/td><td><div class=\"wpbs-date wpbs-legend-item-1   wpbs-is-bookable \" data-year=\"2026\" data-month=\"5\" data-day=\"23\" data-price=\"\"><div class=\"wpbs-legend-item-icon wpbs-legend-item-icon-1\" data-type=\"single\"><div class=\"wpbs-legend-item-icon-color\" ><\/div><div class=\"wpbs-legend-item-icon-color\" ><\/div><\/div><div class=\"wpbs-date-inner\"><span class=\"wpbs-date-number\">23<\/span><\/div><\/div><\/td><td><div class=\"wpbs-date wpbs-legend-item-1   wpbs-is-bookable \" data-year=\"2026\" data-month=\"5\" data-day=\"24\" data-price=\"\"><div class=\"wpbs-legend-item-icon wpbs-legend-item-icon-1\" data-type=\"single\"><div class=\"wpbs-legend-item-icon-color\" ><\/div><div class=\"wpbs-legend-item-icon-color\" ><\/div><\/div><div class=\"wpbs-date-inner\"><span class=\"wpbs-date-number\">24<\/span><\/div><\/div><\/td><\/tr><tr><td><div class=\"wpbs-date wpbs-legend-item-1   wpbs-is-bookable \" data-year=\"2026\" data-month=\"5\" data-day=\"25\" data-price=\"\"><div class=\"wpbs-legend-item-icon wpbs-legend-item-icon-1\" data-type=\"single\"><div class=\"wpbs-legend-item-icon-color\" ><\/div><div class=\"wpbs-legend-item-icon-color\" ><\/div><\/div><div class=\"wpbs-date-inner\"><span class=\"wpbs-date-number\">25<\/span><\/div><\/div><\/td><td><div class=\"wpbs-date wpbs-legend-item-1   wpbs-is-bookable \" data-year=\"2026\" data-month=\"5\" data-day=\"26\" data-price=\"\"><div class=\"wpbs-legend-item-icon wpbs-legend-item-icon-1\" data-type=\"single\"><div class=\"wpbs-legend-item-icon-color\" ><\/div><div class=\"wpbs-legend-item-icon-color\" ><\/div><\/div><div class=\"wpbs-date-inner\"><span class=\"wpbs-date-number\">26<\/span><\/div><\/div><\/td><td><div class=\"wpbs-date wpbs-legend-item-1   wpbs-is-bookable \" data-year=\"2026\" data-month=\"5\" data-day=\"27\" data-price=\"\"><div class=\"wpbs-legend-item-icon wpbs-legend-item-icon-1\" data-type=\"single\"><div class=\"wpbs-legend-item-icon-color\" ><\/div><div class=\"wpbs-legend-item-icon-color\" ><\/div><\/div><div class=\"wpbs-date-inner\"><span class=\"wpbs-date-number\">27<\/span><\/div><\/div><\/td><td><div class=\"wpbs-date wpbs-legend-item-1   wpbs-is-bookable \" data-year=\"2026\" data-month=\"5\" data-day=\"28\" data-price=\"\"><div class=\"wpbs-legend-item-icon wpbs-legend-item-icon-1\" data-type=\"single\"><div class=\"wpbs-legend-item-icon-color\" ><\/div><div class=\"wpbs-legend-item-icon-color\" ><\/div><\/div><div class=\"wpbs-date-inner\"><span class=\"wpbs-date-number\">28<\/span><\/div><\/div><\/td><td><div class=\"wpbs-date wpbs-legend-item-1   wpbs-is-bookable \" data-year=\"2026\" data-month=\"5\" data-day=\"29\" data-price=\"\"><div class=\"wpbs-legend-item-icon wpbs-legend-item-icon-1\" data-type=\"single\"><div class=\"wpbs-legend-item-icon-color\" ><\/div><div class=\"wpbs-legend-item-icon-color\" ><\/div><\/div><div class=\"wpbs-date-inner\"><span class=\"wpbs-date-number\">29<\/span><\/div><\/div><\/td><td><div class=\"wpbs-date wpbs-legend-item-2    \" data-year=\"2026\" data-month=\"5\" data-day=\"30\" data-price=\"\"><div class=\"wpbs-legend-item-icon wpbs-legend-item-icon-2\" data-type=\"single\"><div class=\"wpbs-legend-item-icon-color\" ><\/div><div class=\"wpbs-legend-item-icon-color\" ><\/div><\/div><div class=\"wpbs-date-inner\"><span class=\"wpbs-date-number\">30<\/span><\/div><\/div><\/td><td><div class=\"wpbs-date wpbs-legend-item-2    \" data-year=\"2026\" data-month=\"5\" data-day=\"31\" data-price=\"\"><div class=\"wpbs-legend-item-icon wpbs-legend-item-icon-2\" data-type=\"single\"><div class=\"wpbs-legend-item-icon-color\" ><\/div><div class=\"wpbs-legend-item-icon-color\" ><\/div><\/div><div class=\"wpbs-date-inner\"><span class=\"wpbs-date-number\">31<\/span><\/div><\/div><\/td><\/tr><\/tbody><\/table><\/div><\/div><\/div><\/div><style>.wpbs-container.wpbs-calendar-1 .wpbs-legend-item-icon-1 div:first-of-type { background-color: #ddffcc; }.wpbs-container.wpbs-calendar-1 .wpbs-legend-item-icon-1 div:nth-of-type(2) { background-color: transparent; }.wpbs-container.wpbs-calendar-1 .wpbs-legend-item-icon-1 div:first-of-type svg { fill: #ddffcc; }.wpbs-container.wpbs-calendar-1 .wpbs-legend-item-icon-1 div:nth-of-type(2) svg { fill: transparent; }.wpbs-container.wpbs-calendar-1 .wpbs-legend-item-icon-2 div:first-of-type { background-color: #ffc0bd; }.wpbs-container.wpbs-calendar-1 .wpbs-legend-item-icon-2 div:nth-of-type(2) { background-color: transparent; }.wpbs-container.wpbs-calendar-1 .wpbs-legend-item-icon-2 div:first-of-type svg { fill: #ffc0bd; }.wpbs-container.wpbs-calendar-1 .wpbs-legend-item-icon-2 div:nth-of-type(2) svg { fill: transparent; }.wpbs-container.wpbs-calendar-1 .wpbs-legend-item-icon-today div:first-of-type { background-color: rgba( 33,150,243, .9 ); }.wpbs-container.wpbs-calendar-1 .wpbs-legend-item-icon-0 div:first-of-type { background-color: #e1e1e1; }.wpbs-main-wrapper:not(.wpbs-main-wrapper-form-0) .wpbs-enable-hover .wpbs-is-bookable:hover:not(.wpbs-selected-first):not(.wpbs-selected-last) .wpbs-legend-item-icon div:first-of-type, .wpbs-main-wrapper:not(.wpbs-main-wrapper-form-0) .wpbs-date-hover:not(.wpbs-selected-first):not(.wpbs-selected-last) .wpbs-legend-item-icon div:first-of-type, .wpbs-main-wrapper:not(.wpbs-main-wrapper-form-0) .wpbs-date-hover.wpbs-selected-first.wpbs-selected-last .wpbs-legend-item-icon div:first-of-type { background-color: #7bb9e4; }.wpbs-main-wrapper:not(.wpbs-main-wrapper-form-0) .wpbs-enable-hover .wpbs-is-bookable:hover:not(.wpbs-selected-first):not(.wpbs-selected-last) .wpbs-legend-item-icon[data-type=\"split\"] div svg, .wpbs-main-wrapper:not(.wpbs-main-wrapper-form-0) .wpbs-date-hover:not(.wpbs-selected-first):not(.wpbs-selected-last) .wpbs-legend-item-icon[data-type=\"split\"] div svg, .wpbs-main-wrapper:not(.wpbs-main-wrapper-form-0) .wpbs-legend-item-icon .wpbs-legend-icon-select svg { fill: #7bb9e4; }.wpbs-main-wrapper:not(.wpbs-main-wrapper-form-0) .wpbs-date-selected:not(.wpbs-selected-first):not(.wpbs-selected-last) .wpbs-legend-item-icon div:first-of-type, .wpbs-main-wrapper:not(.wpbs-main-wrapper-form-0) .wpbs-date-selected.wpbs-selected-first.wpbs-selected-last .wpbs-legend-item-icon div:first-of-type, .wpbs-main-wrapper:not(.wpbs-main-wrapper-form-0) .wpbs-enable-hover .wpbs-date-selected:hover:not(.wpbs-selected-first):not(.wpbs-selected-last) .wpbs-legend-item-icon div:first-of-type { background-color: #5aa7dd; }.wpbs-main-wrapper:not(.wpbs-main-wrapper-form-0) .wpbs-date-selected:not(.wpbs-selected-first):not(.wpbs-selected-last) .wpbs-legend-item-icon[data-type=\"split\"] div svg, .wpbs-main-wrapper:not(.wpbs-main-wrapper-form-0) .wpbs-enable-hover .wpbs-date-selected:hover:not(.wpbs-selected-first):not(.wpbs-selected-last) .wpbs-legend-item-icon[data-type=\"split\"] div svg, .wpbs-main-wrapper:not(.wpbs-main-wrapper-form-0) .wpbs-date-selected .wpbs-legend-item-icon .wpbs-legend-icon-select svg { fill: #5aa7dd; }<\/style><div class=\"wpbs-container-loaded\" data-just-loaded=\"1\"><\/div><\/div><\/div><\/div>\n\n\n\n<div class=\"wp-block-group\"><div class=\"wp-block-group__inner-container is-layout-constrained wp-block-group-is-layout-constrained\">\n<div class=\"wp-block-group is-vertical is-layout-flex wp-container-core-group-is-layout-8cf370e7 wp-block-group-is-layout-flex\">\n<figure class=\"wp-block-table aligncenter is-style-stripes has-small-font-size\"><table class=\"has-fixed-layout\"><thead><tr><th>Saison<\/th><th>Zeitraum 2026<\/th><th class=\"has-text-align-left\" data-align=\"left\">Preis je \u00dcbernachtung<\/th><th>Wochenpreis<\/th><\/tr><\/thead><tbody><tr><td>Nebensaison<\/td><td>3. Jan. &#8211; 14. M\u00e4rz<\/td><td class=\"has-text-align-left\" data-align=\"left\">67,50 \u20ac<\/td><td>469,00 \u20ac<\/td><\/tr><tr><td>Mittelsaison<\/td><td>14. M\u00e4rz &#8211; 28. M\u00e4rz<\/td><td class=\"has-text-align-left\" data-align=\"left\"><\/td><td>577,50 \u20ac<\/td><\/tr><tr><td>Ostern<\/td><td>28. M\u00e4rz &#8211; 11. April<\/td><td class=\"has-text-align-left\" data-align=\"left\"><\/td><td>658,00 \u20ac<\/td><\/tr><tr><td>Mittelsaison<\/td><td>11. April &#8211; 23. Mai<\/td><td class=\"has-text-align-left\" data-align=\"left\"><\/td><td>577,50 \u20ac<\/td><\/tr><tr><td>Vorsaison<\/td><td>23. Mai &#8211; 27. Juni<\/td><td class=\"has-text-align-left\" data-align=\"left\"><\/td><td>658,00 \u20ac<\/td><\/tr><tr><td>Hauptsaison<\/td><td>27. Juni &#8211; 05. Sept.<\/td><td class=\"has-text-align-left\" data-align=\"left\"><\/td><td>805,00 \u20ac<\/td><\/tr><tr><td>Mittelsaison<\/td><td>05. Sept.- 19. Sept.<\/td><td class=\"has-text-align-left\" data-align=\"left\"><\/td><td>577,50 \u20ac<\/td><\/tr><tr><td>Nebensaison<\/td><td>19. Sept. &#8211; 26. Sept.<\/td><td class=\"has-text-align-left\" data-align=\"left\"><\/td><td>469,00 \u20ac<\/td><\/tr><tr><td>Mittelsaison<\/td><td>26. Sept. &#8211; 31. Okt.<\/td><td class=\"has-text-align-left\" data-align=\"left\"><\/td><td>577,50 \u20ac<\/td><\/tr><tr><td>Nebensaison<\/td><td>31. Okt.- 19. Dez.<\/td><td class=\"has-text-align-left\" data-align=\"left\">67,50 \u20ac<\/td><td>469,00 \u20ac<\/td><\/tr><tr><td>Weihnachten<\/td><td>19. Okt. &#8211; 02. Jan.<\/td><td class=\"has-text-align-left\" data-align=\"left\">94,00 \u20ac<\/td><td>658,00 \u20ac<\/td><\/tr><\/tbody><\/table><figcaption class=\"wp-element-caption\">Zwei Wochen vor den Osterferien (Samstag 14. M\u00e4rz) f\u00e4ngt unsere Ferienhaus-Saison an und endet mit den Herbstferien am 31. Oktober, in dieser Zeit vermieten wir unser Ferienhaus nur Wochenweise von Samstag bis Samstag. In den \u00fcbrigen Zeiten vermieten wir das Haus auch mit 3-4 \u00dcbernachtungen.<\/figcaption><\/figure>\n<\/div>\n\n\n\n<p><\/p>\n<\/div><\/div>\n\n\n\n<ul class=\"wp-block-list\">\n<li>Die Endreinigung in H\u00f6he von 65,00 \u20ac wird direkt bei der Hausverwaltung vor Ort entrichtet.<\/li>\n\n\n\n<li>F\u00fcr jede Buchung nehmen wir eine Kaution von 150,00 \u20ac<\/li>\n\n\n\n<li>Optional k\u00f6nnen sie das W\u00e4schepaket bei unserer Hausverwaltung f\u00fcr 15,00 \u20ac buchen. F\u00fcr jede Person ist die Bettw\u00e4sche und auch ein Handtuch und ein Badetuch darin enthalten.<\/li>\n\n\n\n<li>G\u00e4stekarten m\u00fcssen wir im Namen der Tourismus-Service-Butjadingen (TSB) f\u00fcr all unsere G\u00e4ste ausstellen. Seit dem Jahr 2024 stellen wir nur noch digitale G\u00e4stekarten aus, daf\u00fcr brauchen wir sp\u00e4testens eine Woche vor Anreise die Namen und Geburtsdaten aller Ferienhausg\u00e4ste. Den f\u00e4lligen Betrag werden wir in der Regel mit der Kaution verrechnen.<\/li>\n\n\n\n<li>F\u00fcr eine Buchungsanfrage schreiben sie uns direkt \u00fcber die E-Mail-Adresse <a href=\"mailto:ferienhaus-tim-paul@online.de\">ferienhaus-tim-paul@online.de<\/a> an. \u00dcblicherweise geben wir ihnen am selben Tag ein Feedback.<\/li>\n<\/ul>\n\n\n\n<p>Mit den <strong>G\u00e4stekarten <\/strong>k\u00f6nnen sie eine Vielzahl von Services vor Ort nutzen oder auch verg\u00fcnstigt einige Veranstaltungen besuchen. N\u00e4here Informationen (z.B. Preise f\u00fcr Sommer und Winter) zu den G\u00e4stekarten finden sie unter folgendem Link: <a href=\"https:\/\/www.butjadingen.de\/service-in-butjadingen\/gaestebeitrag-gaestekarte\/wieso-gaestebeitrag\">https:\/\/www.butjadingen.de\/service-in-butjadingen\/gaestebeitrag-gaestekarte\/wieso-gaestebeitrag<\/a><\/p>\n\n\n\n<p><\/p>\n","protected":false},"excerpt":{"rendered":"<p>Saison Zeitraum 2026 Preis je \u00dcbernachtung Wochenpreis Nebensaison 3. Jan. &#8211; 14. M\u00e4rz 67,50 \u20ac 469,00 \u20ac Mittelsaison 14. M\u00e4rz &#8211; 28. M\u00e4rz 577,50 \u20ac Ostern 28. M\u00e4rz &#8211; 11. April 658,00 \u20ac Mittelsaison 11. April &#8211; 23. Mai 577,50 \u20ac Vorsaison 23. Mai &#8211; 27. Juni 658,00 \u20ac Hauptsaison 27. Juni &#8211; 05. Sept. &hellip; <\/p>\n<p class=\"link-more\"><a href=\"https:\/\/ferienhaus-tim-paul.de\/?page_id=95\" class=\"more-link\"><span class=\"screen-reader-text\">\u201ePreise und Verf\u00fcgbarkeit\u201c<\/span> weiterlesen<\/a><\/p>\n","protected":false},"author":1,"featured_media":0,"parent":0,"menu_order":0,"comment_status":"closed","ping_status":"closed","template":"","meta":{"pgc_sgb_lightbox_settings":"","footnotes":""},"class_list":["post-95","page","type-page","status-publish","hentry"],"_links":{"self":[{"href":"https:\/\/ferienhaus-tim-paul.de\/index.php?rest_route=\/wp\/v2\/pages\/95","targetHints":{"allow":["GET"]}}],"collection":[{"href":"https:\/\/ferienhaus-tim-paul.de\/index.php?rest_route=\/wp\/v2\/pages"}],"about":[{"href":"https:\/\/ferienhaus-tim-paul.de\/index.php?rest_route=\/wp\/v2\/types\/page"}],"author":[{"embeddable":true,"href":"https:\/\/ferienhaus-tim-paul.de\/index.php?rest_route=\/wp\/v2\/users\/1"}],"replies":[{"embeddable":true,"href":"https:\/\/ferienhaus-tim-paul.de\/index.php?rest_route=%2Fwp%2Fv2%2Fcomments&post=95"}],"version-history":[{"count":24,"href":"https:\/\/ferienhaus-tim-paul.de\/index.php?rest_route=\/wp\/v2\/pages\/95\/revisions"}],"predecessor-version":[{"id":183,"href":"https:\/\/ferienhaus-tim-paul.de\/index.php?rest_route=\/wp\/v2\/pages\/95\/revisions\/183"}],"wp:attachment":[{"href":"https:\/\/ferienhaus-tim-paul.de\/index.php?rest_route=%2Fwp%2Fv2%2Fmedia&parent=95"}],"curies":[{"name":"wp","href":"https:\/\/api.w.org\/{rel}","templated":true}]}}